{"id":7457,"date":"2025-12-12T12:40:20","date_gmt":"2025-12-12T11:40:20","guid":{"rendered":"https:\/\/incunziria.eu\/?page_id=7457"},"modified":"2025-12-12T12:41:59","modified_gmt":"2025-12-12T11:41:59","slug":"storia","status":"publish","type":"page","link":"https:\/\/incunziria.eu\/en\/storia\/","title":{"rendered":"Storia"},"content":{"rendered":"<section class=\"wpb-content-wrapper\"><div class=\"vc_row wpb_row vc_row-fluid\" ><div class=\"wpb_column vc_column_container vc_col-sm-12\"><div class=\"vc_column-inner\"><div class=\"wpb_wrapper\"><div class=\"vc_empty_space\"   style=\"height: 45px\"><span class=\"vc_empty_space_inner\"><\/span><\/div><\/div><\/div><\/div><\/div><div class=\"vc_row wpb_row vc_row-fluid\" ><div class=\"wpb_column vc_column_container vc_col-sm-2\"><div class=\"vc_column-inner\"><div class=\"wpb_wrapper\"><\/div><\/div><\/div><div class=\"wpb_column vc_column_container vc_col-sm-8\"><div class=\"vc_column-inner\"><div class=\"wpb_wrapper\"><div class=\"qodef-section-title-holder  qodef-st-standard qodef-st-title-left  qodef-st-normal-space\" >\n\t<div class=\"qodef-st-inner\">\n                    <span class=\"qodef-st-subtitle\" >\n                Cultural Ecosystem            <\/span>\n        \t\t\t\t\t<h2 class=\"qodef-st-title\" >\n\t\t\t\tTra Barocco e Verismo\t\t\t<\/h2>\n\t\t\t\t\t\t\t<p class=\"qodef-st-text\" >\n\t\t\t\tVizzini \u00e8 un antico centro dell\u2019entroterra siciliano, considerato come la ``Porta Nord`` del Val di Noto e custodisce un ricco patrimonio storico, architettonico, in particolare per la presenza di edifici monumentali ricostruiti in stile barocco e rococ\u00f2, e letterario, soprattutto perch\u00e9 \u00e8 il paese natale di Giovanni Verga, uno dei maggiori autori italiani e il massimo esponente della narrativa verista italiana, motivo per cui la citt\u00e0 \u00e8 lo scenario di alcune delle sue opere pi\u00f9 famose. Giovanni Verga, padre della narrativa verista italiana (1840 \u2013 1922), nacque a met\u00e0 ottocento da una nobile famiglia vizzinese. L\u2019autore fece di Vizzini il suo scenario privilegiato: qui ritroviamo il centro storico con i suoi palazzi, le chiese e il pittoresco dedalo\u202fdi vicoli dove furono ambientate\u202fLa Cavalleria Rusticana,\u202fMastro don Gesualdo,\u202fLa Lupa\u202fe\u202fStoria d'una Capinera.\t\t\t<\/p>\n\t\t\t<\/div>\n<\/div><\/div><\/div><\/div><div class=\"wpb_column vc_column_container vc_col-sm-2\"><div class=\"vc_column-inner\"><div class=\"wpb_wrapper\"><\/div><\/div><\/div><\/div><div class=\"vc_row wpb_row vc_row-fluid\" ><div class=\"wpb_column vc_column_container vc_col-sm-12\"><div class=\"vc_column-inner\"><div class=\"wpb_wrapper\"><div class=\"vc_empty_space\"   style=\"height: 45px\"><span class=\"vc_empty_space_inner\"><\/span><\/div><\/div><\/div><\/div><\/div><div data-parallax-bg-image=\"https:\/\/incunziria.eu\/wp-content\/uploads\/2025\/11\/17.1.jpg\" data-parallax-bg-speed=\"1\" class=\"vc_row wpb_row vc_row-fluid vc_custom_1765539600355 qodef-parallax-row-holder\" ><div class=\"wpb_column vc_column_container vc_col-sm-12\"><div class=\"vc_column-inner\"><div class=\"wpb_wrapper\"><div class=\"qodef-section-title-holder  qodef-st-standard qodef-st-title-left  qodef-st-normal-space  qodef-light-skin\" style=\"text-align: center\">\n\t<div class=\"qodef-st-inner\">\n                    <span class=\"qodef-st-subtitle\" >\n                Culture &amp; Connection            <\/span>\n        \t\t\t\t\t<h1 class=\"qodef-st-title\" >\n\t\t\t\tStoria\t\t\t<\/h1>\n\t\t\t\t\t<\/div>\n<\/div><\/div><\/div><\/div><\/div><div class=\"vc_row wpb_row vc_row-fluid vc_custom_1523628092491\" style=\"background-color:#f6f6f6\"><div class=\"wpb_column vc_column_container vc_col-sm-12\"><div class=\"vc_column-inner\"><div class=\"wpb_wrapper\"><div class=\"qodef-clients-carousel-holder qodef-cc-hover-switch-images\">\n\t<div class=\"qodef-cc-inner qodef-owl-slider\" data-number-of-items=\"5\" data-enable-loop=\"no\" data-enable-autoplay=\"no\" data-slider-speed=\"5000\" data-slider-speed-animation=\"600\" data-enable-navigation=\"no\" data-enable-pagination=\"no\">\n\t\t<div class=\"qodef-cc-item\">\n\t\t\t<a itemprop=\"url\" class=\"qodef-cc-link qodef-block-drag-link\" href=\"https:\/\/commission.europa.eu\" target=\"_blank\">\n\t\t\t\t\t\t<img decoding=\"async\" itemprop=\"image\" class=\"qodef-cc-image\" src=\"https:\/\/incunziria.eu\/wp-content\/uploads\/2025\/11\/1-2-300x150.png\" alt=\"\" \/>\n\t\t\t\t\t\t\t<img decoding=\"async\" itemprop=\"image\" class=\"qodef-cc-hover-image\" src=\"https:\/\/incunziria.eu\/wp-content\/uploads\/2025\/11\/2-1-300x150.png\" alt=\"\" \/>\n\t\t\t\t\t<\/a>\n\t<\/div><div class=\"qodef-cc-item\">\n\t\t\t<a itemprop=\"url\" class=\"qodef-cc-link qodef-block-drag-link\" href=\"https:\/\/cultura.gov.it\" target=\"_blank\">\n\t\t\t\t\t\t<img decoding=\"async\" itemprop=\"image\" class=\"qodef-cc-image\" src=\"https:\/\/incunziria.eu\/wp-content\/uploads\/2025\/11\/7-1-300x150.png\" alt=\"\" \/>\n\t\t\t\t\t\t\t<img decoding=\"async\" itemprop=\"image\" class=\"qodef-cc-hover-image\" src=\"https:\/\/incunziria.eu\/wp-content\/uploads\/2025\/11\/8-1-300x150.png\" alt=\"\" \/>\n\t\t\t\t\t<\/a>\n\t<\/div><div class=\"qodef-cc-item\">\n\t\t\t<a itemprop=\"url\" class=\"qodef-cc-link qodef-block-drag-link\" href=\"https:\/\/incunziria.eu\/en\/\" target=\"_blank\">\n\t\t\t\t\t\t<img decoding=\"async\" itemprop=\"image\" class=\"qodef-cc-image\" src=\"https:\/\/incunziria.eu\/wp-content\/uploads\/2025\/11\/5-1-300x150.png\" alt=\"\" \/>\n\t\t\t\t\t\t\t<img decoding=\"async\" itemprop=\"image\" class=\"qodef-cc-hover-image\" src=\"https:\/\/incunziria.eu\/wp-content\/uploads\/2025\/11\/6-1-300x150.png\" alt=\"\" \/>\n\t\t\t\t\t<\/a>\n\t<\/div><div class=\"qodef-cc-item\">\n\t\t\t<a itemprop=\"url\" class=\"qodef-cc-link qodef-block-drag-link\" href=\"https:\/\/www.regione.sicilia.it\/\" target=\"_blank\">\n\t\t\t\t\t\t<img decoding=\"async\" itemprop=\"image\" class=\"qodef-cc-image\" src=\"https:\/\/incunziria.eu\/wp-content\/uploads\/2025\/11\/9-1-300x150.png\" alt=\"\" \/>\n\t\t\t\t\t\t\t<img decoding=\"async\" itemprop=\"image\" class=\"qodef-cc-hover-image\" src=\"https:\/\/incunziria.eu\/wp-content\/uploads\/2025\/11\/10-1-300x150.png\" alt=\"\" \/>\n\t\t\t\t\t<\/a>\n\t<\/div><div class=\"qodef-cc-item\">\n\t\t\t<a itemprop=\"url\" class=\"qodef-cc-link qodef-block-drag-link\" href=\"https:\/\/www.comune.vizzini.ct.it\/\" target=\"_blank\">\n\t\t\t\t\t\t<img decoding=\"async\" itemprop=\"image\" class=\"qodef-cc-image\" src=\"https:\/\/incunziria.eu\/wp-content\/uploads\/2025\/11\/11-1-300x150.png\" alt=\"\" \/>\n\t\t\t\t\t\t\t<img decoding=\"async\" itemprop=\"image\" class=\"qodef-cc-hover-image\" src=\"https:\/\/incunziria.eu\/wp-content\/uploads\/2025\/11\/12-1-300x150.png\" alt=\"\" \/>\n\t\t\t\t\t<\/a>\n\t<\/div>\t<\/div>\n<\/div><\/div><\/div><\/div><\/div>\n<\/section>","protected":false},"excerpt":{"rendered":"Ecosistema Culturale Tra Barocco e Verismo Vizzini \u00e8 un antico centro dell\u2019entroterra siciliano, considerato come la ``Porta Nord`` del Val di Noto e custodisce un ricco patrimonio storico, architettonico, in particolare per la presenza di edifici monumentali ricostruiti in stile barocco e rococ\u00f2, e letterario, [...]","protected":false},"author":1,"featured_media":0,"parent":0,"menu_order":0,"comment_status":"closed","ping_status":"closed","template":"full-width.php","meta":{"footnotes":""},"class_list":["post-7457","page","type-page","status-publish","hentry"],"yoast_head":"<!-- This site is optimized with the Yoast SEO plugin v27.5 - https:\/\/yoast.com\/product\/yoast-seo-wordpress\/ -->\n<title>Storia - InCunziria<\/title>\n<meta name=\"robots\" content=\"index, follow, max-snippet:-1, max-image-preview:large, max-video-preview:-1\" \/>\n<link rel=\"canonical\" href=\"https:\/\/incunziria.eu\/en\/storia\/\" \/>\n<meta property=\"og:locale\" content=\"en_GB\" \/>\n<meta property=\"og:type\" content=\"article\" \/>\n<meta property=\"og:title\" content=\"Storia - InCunziria\" \/>\n<meta property=\"og:url\" content=\"https:\/\/incunziria.eu\/en\/storia\/\" \/>\n<meta property=\"og:site_name\" content=\"InCunziria\" \/>\n<meta property=\"article:modified_time\" content=\"2025-12-12T11:41:59+00:00\" \/>\n<meta name=\"twitter:card\" content=\"summary_large_image\" \/>\n<meta name=\"twitter:label1\" content=\"Estimated reading time\" \/>\n\t<meta name=\"twitter:data1\" content=\"2 minutes\" \/>\n<script type=\"application\/ld+json\" class=\"yoast-schema-graph\">{\"@context\":\"https:\\\/\\\/schema.org\",\"@graph\":[{\"@type\":\"WebPage\",\"@id\":\"https:\\\/\\\/incunziria.eu\\\/storia\\\/\",\"url\":\"https:\\\/\\\/incunziria.eu\\\/storia\\\/\",\"name\":\"Storia - InCunziria\",\"isPartOf\":{\"@id\":\"https:\\\/\\\/incunziria.eu\\\/#website\"},\"datePublished\":\"2025-12-12T11:40:20+00:00\",\"dateModified\":\"2025-12-12T11:41:59+00:00\",\"breadcrumb\":{\"@id\":\"https:\\\/\\\/incunziria.eu\\\/storia\\\/#breadcrumb\"},\"inLanguage\":\"en-GB\",\"potentialAction\":[{\"@type\":\"ReadAction\",\"target\":[\"https:\\\/\\\/incunziria.eu\\\/storia\\\/\"]}]},{\"@type\":\"BreadcrumbList\",\"@id\":\"https:\\\/\\\/incunziria.eu\\\/storia\\\/#breadcrumb\",\"itemListElement\":[{\"@type\":\"ListItem\",\"position\":1,\"name\":\"Home\",\"item\":\"https:\\\/\\\/incunziria.eu\\\/\"},{\"@type\":\"ListItem\",\"position\":2,\"name\":\"Storia\"}]},{\"@type\":\"WebSite\",\"@id\":\"https:\\\/\\\/incunziria.eu\\\/#website\",\"url\":\"https:\\\/\\\/incunziria.eu\\\/\",\"name\":\"InCunziria\",\"description\":\"\",\"potentialAction\":[{\"@type\":\"SearchAction\",\"target\":{\"@type\":\"EntryPoint\",\"urlTemplate\":\"https:\\\/\\\/incunziria.eu\\\/?s={search_term_string}\"},\"query-input\":{\"@type\":\"PropertyValueSpecification\",\"valueRequired\":true,\"valueName\":\"search_term_string\"}}],\"inLanguage\":\"en-GB\"}]}<\/script>\n<!-- \/ Yoast SEO plugin. -->","yoast_head_json":{"title":"Storia - InCunziria","robots":{"index":"index","follow":"follow","max-snippet":"max-snippet:-1","max-image-preview":"max-image-preview:large","max-video-preview":"max-video-preview:-1"},"canonical":"https:\/\/incunziria.eu\/en\/storia\/","og_locale":"en_GB","og_type":"article","og_title":"Storia - InCunziria","og_url":"https:\/\/incunziria.eu\/en\/storia\/","og_site_name":"InCunziria","article_modified_time":"2025-12-12T11:41:59+00:00","twitter_card":"summary_large_image","twitter_misc":{"Estimated reading time":"2 minutes"},"schema":{"@context":"https:\/\/schema.org","@graph":[{"@type":"WebPage","@id":"https:\/\/incunziria.eu\/storia\/","url":"https:\/\/incunziria.eu\/storia\/","name":"Storia - InCunziria","isPartOf":{"@id":"https:\/\/incunziria.eu\/#website"},"datePublished":"2025-12-12T11:40:20+00:00","dateModified":"2025-12-12T11:41:59+00:00","breadcrumb":{"@id":"https:\/\/incunziria.eu\/storia\/#breadcrumb"},"inLanguage":"en-GB","potentialAction":[{"@type":"ReadAction","target":["https:\/\/incunziria.eu\/storia\/"]}]},{"@type":"BreadcrumbList","@id":"https:\/\/incunziria.eu\/storia\/#breadcrumb","itemListElement":[{"@type":"ListItem","position":1,"name":"Home","item":"https:\/\/incunziria.eu\/"},{"@type":"ListItem","position":2,"name":"Storia"}]},{"@type":"WebSite","@id":"https:\/\/incunziria.eu\/#website","url":"https:\/\/incunziria.eu\/","name":"InCunziria","description":"","potentialAction":[{"@type":"SearchAction","target":{"@type":"EntryPoint","urlTemplate":"https:\/\/incunziria.eu\/?s={search_term_string}"},"query-input":{"@type":"PropertyValueSpecification","valueRequired":true,"valueName":"search_term_string"}}],"inLanguage":"en-GB"}]}},"_links":{"self":[{"href":"https:\/\/incunziria.eu\/en\/wp-json\/wp\/v2\/pages\/7457","targetHints":{"allow":["GET"]}}],"collection":[{"href":"https:\/\/incunziria.eu\/en\/wp-json\/wp\/v2\/pages"}],"about":[{"href":"https:\/\/incunziria.eu\/en\/wp-json\/wp\/v2\/types\/page"}],"author":[{"embeddable":true,"href":"https:\/\/incunziria.eu\/en\/wp-json\/wp\/v2\/users\/1"}],"replies":[{"embeddable":true,"href":"https:\/\/incunziria.eu\/en\/wp-json\/wp\/v2\/comments?post=7457"}],"version-history":[{"count":4,"href":"https:\/\/incunziria.eu\/en\/wp-json\/wp\/v2\/pages\/7457\/revisions"}],"predecessor-version":[{"id":7464,"href":"https:\/\/incunziria.eu\/en\/wp-json\/wp\/v2\/pages\/7457\/revisions\/7464"}],"wp:attachment":[{"href":"https:\/\/incunziria.eu\/en\/wp-json\/wp\/v2\/media?parent=7457"}],"curies":[{"name":"wp","href":"https:\/\/api.w.org\/{rel}","templated":true}]}}