{"id":7494,"date":"2025-12-15T10:58:41","date_gmt":"2025-12-15T09:58:41","guid":{"rendered":"https:\/\/incunziria.eu\/?page_id=7494"},"modified":"2026-04-29T16:25:27","modified_gmt":"2026-04-29T14:25:27","slug":"sostenibilita","status":"publish","type":"page","link":"https:\/\/incunziria.eu\/en\/sostenibilita\/","title":{"rendered":"Sustainability"},"content":{"rendered":"<section class=\"wpb-content-wrapper\"><div class=\"vc_row wpb_row vc_row-fluid\" ><div class=\"wpb_column vc_column_container vc_col-sm-12\"><div class=\"vc_column-inner\"><div class=\"wpb_wrapper\"><div class=\"vc_empty_space\"   style=\"height: 45px\"><span class=\"vc_empty_space_inner\"><\/span><\/div><\/div><\/div><\/div><\/div><div class=\"vc_row wpb_row vc_row-fluid\" ><div class=\"wpb_column vc_column_container vc_col-sm-2\"><div class=\"vc_column-inner\"><div class=\"wpb_wrapper\"><\/div><\/div><\/div><div class=\"wpb_column vc_column_container vc_col-sm-8\"><div class=\"vc_column-inner\"><div class=\"wpb_wrapper\"><div class=\"qodef-section-title-holder  qodef-st-standard qodef-st-title-left  qodef-st-normal-space\" >\n\t<div class=\"qodef-st-inner\">\n                    <span class=\"qodef-st-subtitle\" >\n                Cultural Ecosystem            <\/span>\n        \t\t\t\t\t<h2 class=\"qodef-st-title\" >\n\t\t\t\tTecnologia ed Ecosostenibilit\u00e0\t\t\t<\/h2>\n\t\t\t\t\t\t\t<p class=\"qodef-st-text\" >\n\t\t\t\tIl progetto di riqualificazione e restauro del borgo \u00e8 stato anche indirizzato alla sostenibilit\u00e0 ambientale. Oltre al rispetto del non arrecare danni significativi all'ambiente quale principio guida per la scelta dei materiali e delle tecniche di restauro, il borgo porta con se tecnologie e sistemi di imprinting fortemente orientato all'ecosostenibilit\u00e0. Un sistema di raccolta delle acque meteoriche e sorgive, consente di limitare l'uso delle acque potabili alle sole esigenze ``abitative``, eliminando l'utilizzo di acqua potabile per gli scarichi o per i servizi. Il borgo \u00e8 inoltre dotato di un sistema di pannelli fotovoltaici utili alla produzione di parte dell'energia elettrica che alimenter\u00e0 i servizi, l'hosting ed il museo 4.0. Anche la mobilit\u00e0 \u00e8 indirizzata alla sostenibilit\u00e0: Cunziria \u00e8 un borgo car free la cui unica vettura autorizzata all'ingresso sar\u00e0 una golfcar di servizio, elettrica, per la logistica interna. Il resto dei trasporti sar\u00e0 confinato all'esterno del borgo e l'accesso garantito in biciletta o e-bike o con navette elettriche i cui punti di ricarica sono posizionati all'interno del borgo stesso.\t\t\t<\/p>\n\t\t\t<\/div>\n<\/div><\/div><\/div><\/div><div class=\"wpb_column vc_column_container vc_col-sm-2\"><div class=\"vc_column-inner\"><div class=\"wpb_wrapper\"><\/div><\/div><\/div><\/div><div class=\"vc_row wpb_row vc_row-fluid\" ><div class=\"wpb_column vc_column_container vc_col-sm-12\"><div class=\"vc_column-inner\"><div class=\"wpb_wrapper\"><div class=\"vc_empty_space\"   style=\"height: 45px\"><span class=\"vc_empty_space_inner\"><\/span><\/div><\/div><\/div><\/div><\/div><div data-parallax-bg-image=\"https:\/\/incunziria.eu\/wp-content\/uploads\/2025\/12\/19-scaled.png\" data-parallax-bg-speed=\"1\" class=\"vc_row wpb_row vc_row-fluid vc_custom_1765797637668 qodef-parallax-row-holder\" ><div class=\"wpb_column vc_column_container vc_col-sm-12\"><div class=\"vc_column-inner\"><div class=\"wpb_wrapper\"><div class=\"qodef-section-title-holder  qodef-st-standard qodef-st-title-left  qodef-st-normal-space  qodef-light-skin\" style=\"text-align: center\">\n\t<div class=\"qodef-st-inner\">\n                    <span class=\"qodef-st-subtitle\" >\n                Culture &amp; Connection            <\/span>\n        \t\t\t\t\t<h1 class=\"qodef-st-title\" >\n\t\t\t\tSustainability\t\t\t<\/h1>\n\t\t\t\t\t<\/div>\n<\/div><\/div><\/div><\/div><\/div><div class=\"vc_row wpb_row vc_row-fluid vc_custom_1523628092491\" style=\"background-color:#f6f6f6\"><div class=\"wpb_column vc_column_container vc_col-sm-12\"><div class=\"vc_column-inner\"><div class=\"wpb_wrapper\"><div class=\"qodef-clients-carousel-holder qodef-cc-hover-switch-images\">\n\t<div class=\"qodef-cc-inner qodef-owl-slider\" data-number-of-items=\"5\" data-enable-loop=\"no\" data-enable-autoplay=\"no\" data-slider-speed=\"5000\" data-slider-speed-animation=\"600\" data-enable-navigation=\"no\" data-enable-pagination=\"no\">\n\t\t<div class=\"qodef-cc-item\">\n\t\t\t<a itemprop=\"url\" class=\"qodef-cc-link qodef-block-drag-link\" href=\"https:\/\/commission.europa.eu\" target=\"_blank\">\n\t\t\t\t\t\t<img decoding=\"async\" itemprop=\"image\" class=\"qodef-cc-image\" src=\"https:\/\/incunziria.eu\/wp-content\/uploads\/2025\/11\/1-2-300x150.png\" alt=\"\" \/>\n\t\t\t\t\t\t\t<img decoding=\"async\" itemprop=\"image\" class=\"qodef-cc-hover-image\" src=\"https:\/\/incunziria.eu\/wp-content\/uploads\/2025\/11\/2-1-300x150.png\" alt=\"\" \/>\n\t\t\t\t\t<\/a>\n\t<\/div><div class=\"qodef-cc-item\">\n\t\t\t<a itemprop=\"url\" class=\"qodef-cc-link qodef-block-drag-link\" href=\"https:\/\/cultura.gov.it\" target=\"_blank\">\n\t\t\t\t\t\t<img decoding=\"async\" itemprop=\"image\" class=\"qodef-cc-image\" src=\"https:\/\/incunziria.eu\/wp-content\/uploads\/2025\/11\/7-1-300x150.png\" alt=\"\" \/>\n\t\t\t\t\t\t\t<img decoding=\"async\" itemprop=\"image\" class=\"qodef-cc-hover-image\" src=\"https:\/\/incunziria.eu\/wp-content\/uploads\/2025\/11\/8-1-300x150.png\" alt=\"\" \/>\n\t\t\t\t\t<\/a>\n\t<\/div><div class=\"qodef-cc-item\">\n\t\t\t<a itemprop=\"url\" class=\"qodef-cc-link qodef-block-drag-link\" href=\"https:\/\/incunziria.eu\/en\/\" target=\"_blank\">\n\t\t\t\t\t\t<img decoding=\"async\" itemprop=\"image\" class=\"qodef-cc-image\" src=\"https:\/\/incunziria.eu\/wp-content\/uploads\/2025\/11\/5-1-300x150.png\" alt=\"\" \/>\n\t\t\t\t\t\t\t<img decoding=\"async\" itemprop=\"image\" class=\"qodef-cc-hover-image\" src=\"https:\/\/incunziria.eu\/wp-content\/uploads\/2025\/11\/6-1-300x150.png\" alt=\"\" \/>\n\t\t\t\t\t<\/a>\n\t<\/div><div class=\"qodef-cc-item\">\n\t\t\t<a itemprop=\"url\" class=\"qodef-cc-link qodef-block-drag-link\" href=\"https:\/\/www.regione.sicilia.it\/\" target=\"_blank\">\n\t\t\t\t\t\t<img decoding=\"async\" itemprop=\"image\" class=\"qodef-cc-image\" src=\"https:\/\/incunziria.eu\/wp-content\/uploads\/2025\/11\/9-1-300x150.png\" alt=\"\" \/>\n\t\t\t\t\t\t\t<img decoding=\"async\" itemprop=\"image\" class=\"qodef-cc-hover-image\" src=\"https:\/\/incunziria.eu\/wp-content\/uploads\/2025\/11\/10-1-300x150.png\" alt=\"\" \/>\n\t\t\t\t\t<\/a>\n\t<\/div><div class=\"qodef-cc-item\">\n\t\t\t<a itemprop=\"url\" class=\"qodef-cc-link qodef-block-drag-link\" href=\"https:\/\/www.comune.vizzini.ct.it\/\" target=\"_blank\">\n\t\t\t\t\t\t<img decoding=\"async\" itemprop=\"image\" class=\"qodef-cc-image\" src=\"https:\/\/incunziria.eu\/wp-content\/uploads\/2025\/11\/11-1-300x150.png\" alt=\"\" \/>\n\t\t\t\t\t\t\t<img decoding=\"async\" itemprop=\"image\" class=\"qodef-cc-hover-image\" src=\"https:\/\/incunziria.eu\/wp-content\/uploads\/2025\/11\/12-1-300x150.png\" alt=\"\" \/>\n\t\t\t\t\t<\/a>\n\t<\/div>\t<\/div>\n<\/div><\/div><\/div><\/div><\/div>\n<\/section>","protected":false},"excerpt":{"rendered":"Ecosistema Culturale Tecnologia ed Ecosostenibilit\u00e0 Il progetto di riqualificazione e restauro del borgo \u00e8 stato anche indirizzato alla sostenibilit\u00e0 ambientale. Oltre al rispetto del non arrecare danni significativi all'ambiente quale principio guida per la scelta dei materiali e delle tecniche di restauro, il borgo porta [...]","protected":false},"author":1,"featured_media":0,"parent":0,"menu_order":0,"comment_status":"closed","ping_status":"closed","template":"full-width.php","meta":{"footnotes":""},"class_list":["post-7494","page","type-page","status-publish","hentry"],"yoast_head":"<!-- This site is optimized with the Yoast SEO plugin v27.5 - https:\/\/yoast.com\/product\/yoast-seo-wordpress\/ -->\n<title>La Sostenibilit\u00e0 - InCunziria<\/title>\n<meta name=\"robots\" content=\"index, follow, max-snippet:-1, max-image-preview:large, max-video-preview:-1\" \/>\n<link rel=\"canonical\" href=\"https:\/\/incunziria.eu\/en\/sostenibilita\/\" \/>\n<meta property=\"og:locale\" content=\"en_GB\" \/>\n<meta property=\"og:type\" content=\"article\" \/>\n<meta property=\"og:title\" content=\"La Sostenibilit\u00e0 - InCunziria\" \/>\n<meta property=\"og:url\" content=\"https:\/\/incunziria.eu\/en\/sostenibilita\/\" \/>\n<meta property=\"og:site_name\" content=\"InCunziria\" \/>\n<meta property=\"article:modified_time\" content=\"2026-04-29T14:25:27+00:00\" \/>\n<meta name=\"twitter:card\" content=\"summary_large_image\" \/>\n<meta name=\"twitter:label1\" content=\"Estimated reading time\" \/>\n\t<meta name=\"twitter:data1\" content=\"2 minutes\" \/>\n<script type=\"application\/ld+json\" class=\"yoast-schema-graph\">{\"@context\":\"https:\\\/\\\/schema.org\",\"@graph\":[{\"@type\":\"WebPage\",\"@id\":\"https:\\\/\\\/incunziria.eu\\\/sostenibilita\\\/\",\"url\":\"https:\\\/\\\/incunziria.eu\\\/sostenibilita\\\/\",\"name\":\"La Sostenibilit\u00e0 - InCunziria\",\"isPartOf\":{\"@id\":\"https:\\\/\\\/incunziria.eu\\\/#website\"},\"datePublished\":\"2025-12-15T09:58:41+00:00\",\"dateModified\":\"2026-04-29T14:25:27+00:00\",\"breadcrumb\":{\"@id\":\"https:\\\/\\\/incunziria.eu\\\/sostenibilita\\\/#breadcrumb\"},\"inLanguage\":\"en-GB\",\"potentialAction\":[{\"@type\":\"ReadAction\",\"target\":[\"https:\\\/\\\/incunziria.eu\\\/sostenibilita\\\/\"]}]},{\"@type\":\"BreadcrumbList\",\"@id\":\"https:\\\/\\\/incunziria.eu\\\/sostenibilita\\\/#breadcrumb\",\"itemListElement\":[{\"@type\":\"ListItem\",\"position\":1,\"name\":\"Home\",\"item\":\"https:\\\/\\\/incunziria.eu\\\/\"},{\"@type\":\"ListItem\",\"position\":2,\"name\":\"La Sostenibilit\u00e0\"}]},{\"@type\":\"WebSite\",\"@id\":\"https:\\\/\\\/incunziria.eu\\\/#website\",\"url\":\"https:\\\/\\\/incunziria.eu\\\/\",\"name\":\"InCunziria\",\"description\":\"\",\"potentialAction\":[{\"@type\":\"SearchAction\",\"target\":{\"@type\":\"EntryPoint\",\"urlTemplate\":\"https:\\\/\\\/incunziria.eu\\\/?s={search_term_string}\"},\"query-input\":{\"@type\":\"PropertyValueSpecification\",\"valueRequired\":true,\"valueName\":\"search_term_string\"}}],\"inLanguage\":\"en-GB\"}]}<\/script>\n<!-- \/ Yoast SEO plugin. -->","yoast_head_json":{"title":"La Sostenibilit\u00e0 - InCunziria","robots":{"index":"index","follow":"follow","max-snippet":"max-snippet:-1","max-image-preview":"max-image-preview:large","max-video-preview":"max-video-preview:-1"},"canonical":"https:\/\/incunziria.eu\/en\/sostenibilita\/","og_locale":"en_GB","og_type":"article","og_title":"La Sostenibilit\u00e0 - InCunziria","og_url":"https:\/\/incunziria.eu\/en\/sostenibilita\/","og_site_name":"InCunziria","article_modified_time":"2026-04-29T14:25:27+00:00","twitter_card":"summary_large_image","twitter_misc":{"Estimated reading time":"2 minutes"},"schema":{"@context":"https:\/\/schema.org","@graph":[{"@type":"WebPage","@id":"https:\/\/incunziria.eu\/sostenibilita\/","url":"https:\/\/incunziria.eu\/sostenibilita\/","name":"La Sostenibilit\u00e0 - InCunziria","isPartOf":{"@id":"https:\/\/incunziria.eu\/#website"},"datePublished":"2025-12-15T09:58:41+00:00","dateModified":"2026-04-29T14:25:27+00:00","breadcrumb":{"@id":"https:\/\/incunziria.eu\/sostenibilita\/#breadcrumb"},"inLanguage":"en-GB","potentialAction":[{"@type":"ReadAction","target":["https:\/\/incunziria.eu\/sostenibilita\/"]}]},{"@type":"BreadcrumbList","@id":"https:\/\/incunziria.eu\/sostenibilita\/#breadcrumb","itemListElement":[{"@type":"ListItem","position":1,"name":"Home","item":"https:\/\/incunziria.eu\/"},{"@type":"ListItem","position":2,"name":"La Sostenibilit\u00e0"}]},{"@type":"WebSite","@id":"https:\/\/incunziria.eu\/#website","url":"https:\/\/incunziria.eu\/","name":"InCunziria","description":"","potentialAction":[{"@type":"SearchAction","target":{"@type":"EntryPoint","urlTemplate":"https:\/\/incunziria.eu\/?s={search_term_string}"},"query-input":{"@type":"PropertyValueSpecification","valueRequired":true,"valueName":"search_term_string"}}],"inLanguage":"en-GB"}]}},"_links":{"self":[{"href":"https:\/\/incunziria.eu\/en\/wp-json\/wp\/v2\/pages\/7494","targetHints":{"allow":["GET"]}}],"collection":[{"href":"https:\/\/incunziria.eu\/en\/wp-json\/wp\/v2\/pages"}],"about":[{"href":"https:\/\/incunziria.eu\/en\/wp-json\/wp\/v2\/types\/page"}],"author":[{"embeddable":true,"href":"https:\/\/incunziria.eu\/en\/wp-json\/wp\/v2\/users\/1"}],"replies":[{"embeddable":true,"href":"https:\/\/incunziria.eu\/en\/wp-json\/wp\/v2\/comments?post=7494"}],"version-history":[{"count":5,"href":"https:\/\/incunziria.eu\/en\/wp-json\/wp\/v2\/pages\/7494\/revisions"}],"predecessor-version":[{"id":7754,"href":"https:\/\/incunziria.eu\/en\/wp-json\/wp\/v2\/pages\/7494\/revisions\/7754"}],"wp:attachment":[{"href":"https:\/\/incunziria.eu\/en\/wp-json\/wp\/v2\/media?parent=7494"}],"curies":[{"name":"wp","href":"https:\/\/api.w.org\/{rel}","templated":true}]}}